{"id":111,"date":"2017-03-10T21:55:27","date_gmt":"2017-03-10T21:55:27","guid":{"rendered":"http:\/\/www.savigny-viry-catholique.fr\/?page_id=111"},"modified":"2017-03-10T21:55:27","modified_gmt":"2017-03-10T21:55:27","slug":"decouvrir-servir-leglise","status":"publish","type":"page","link":"https:\/\/demos.uptitude.fr\/savviry1\/decouvrir-servir-leglise\/","title":{"rendered":"D\u00e9couvrir et servir l&rsquo;\u00c9glise"},"content":{"rendered":"<p><span style=\"font-size: 16px;\"><strong>D\u00e9couvrir et servir l&rsquo;\u00c9glise<\/strong><\/span><\/p>\n<p>&nbsp;<\/p>\n<p><strong><span style=\"font-size: 16px;\"><a href=\"https:\/\/www.savigny-viry-catholique.fr\/la-catechese\/\">La cat\u00e9ch\u00e8se<\/a><\/span><\/strong><\/p>\n<p><strong><span style=\"font-size: 16px;\"><a href=\"https:\/\/www.savigny-viry-catholique.fr\/groupe-de-prieres\/\">Groupe de pri\u00e8re<\/a><\/span><\/strong><\/p>\n<p><strong><span style=\"font-size: 16px;\"><a href=\"https:\/\/www.savigny-viry-catholique.fr\/mouvements\/\">Mouvements<\/a><\/span><\/strong><\/p>\n<p><strong><span style=\"font-size: 16px;\"><a href=\"https:\/\/www.savigny-viry-catholique.fr\/temoignages\/\">T\u00e9moignages et documents<\/a><\/span><\/strong><\/p>\n<p><strong><span style=\"font-size: 16px;\"><a href=\"https:\/\/www.savigny-viry-catholique.fr\/autre\/\">Autre<\/a><\/span><\/strong><\/p>\n","protected":false},"excerpt":{"rendered":"<p>D\u00e9couvrir et servir l&rsquo;\u00c9glise &nbsp; La cat\u00e9ch\u00e8se Groupe de pri\u00e8re Mouvements T\u00e9moignages et documents Autre<\/p>\n","protected":false},"author":990002,"featured_media":0,"parent":0,"menu_order":0,"comment_status":"closed","ping_status":"closed","template":"","meta":{"give_campaign_id":0,"footnotes":""},"class_list":["post-111","page","type-page","status-publish","hentry"],"campaignId":"","_links":{"self":[{"href":"https:\/\/demos.uptitude.fr\/savviry1\/wp-json\/wp\/v2\/pages\/111","targetHints":{"allow":["GET"]}}],"collection":[{"href":"https:\/\/demos.uptitude.fr\/savviry1\/wp-json\/wp\/v2\/pages"}],"about":[{"href":"https:\/\/demos.uptitude.fr\/savviry1\/wp-json\/wp\/v2\/types\/page"}],"author":[{"embeddable":true,"href":"https:\/\/demos.uptitude.fr\/savviry1\/wp-json\/wp\/v2\/users\/990002"}],"replies":[{"embeddable":true,"href":"https:\/\/demos.uptitude.fr\/savviry1\/wp-json\/wp\/v2\/comments?post=111"}],"version-history":[{"count":0,"href":"https:\/\/demos.uptitude.fr\/savviry1\/wp-json\/wp\/v2\/pages\/111\/revisions"}],"wp:attachment":[{"href":"https:\/\/demos.uptitude.fr\/savviry1\/wp-json\/wp\/v2\/media?parent=111"}],"curies":[{"name":"wp","href":"https:\/\/api.w.org\/{rel}","templated":true}]}}