{"id":2899,"date":"2024-04-22T23:11:34","date_gmt":"2024-04-22T21:11:34","guid":{"rendered":"https:\/\/demos.uptitude.fr\/savviry1\/?page_id=2899"},"modified":"2025-09-28T23:09:42","modified_gmt":"2025-09-28T21:09:42","slug":"confession","status":"publish","type":"page","link":"https:\/\/demos.uptitude.fr\/savviry1\/sacrements\/confession\/","title":{"rendered":"Confession"},"content":{"rendered":"\t\t<div data-elementor-type=\"wp-post\" data-elementor-id=\"2899\" class=\"elementor elementor-2899\" data-elementor-settings=\"{&quot;element_pack_global_tooltip_width&quot;:{&quot;unit&quot;:&quot;px&quot;,&quot;size&quot;:&quot;&quot;,&quot;sizes&quot;:[]},&quot;element_pack_global_tooltip_width_tablet&quot;:{&quot;unit&quot;:&quot;px&quot;,&quot;size&quot;:&quot;&quot;,&quot;sizes&quot;:[]},&quot;element_pack_global_tooltip_width_mobile&quot;:{&quot;unit&quot;:&quot;px&quot;,&quot;size&quot;:&quot;&quot;,&quot;sizes&quot;:[]},&quot;element_pack_global_tooltip_padding&quot;:{&quot;unit&quot;:&quot;px&quot;,&quot;top&quot;:&quot;&quot;,&quot;right&quot;:&quot;&quot;,&quot;bottom&quot;:&quot;&quot;,&quot;left&quot;:&quot;&quot;,&quot;isLinked&quot;:true},&quot;element_pack_global_tooltip_padding_tablet&quot;:{&quot;unit&quot;:&quot;px&quot;,&quot;top&quot;:&quot;&quot;,&quot;right&quot;:&quot;&quot;,&quot;bottom&quot;:&quot;&quot;,&quot;left&quot;:&quot;&quot;,&quot;isLinked&quot;:true},&quot;element_pack_global_tooltip_padding_mobile&quot;:{&quot;unit&quot;:&quot;px&quot;,&quot;top&quot;:&quot;&quot;,&quot;right&quot;:&quot;&quot;,&quot;bottom&quot;:&quot;&quot;,&quot;left&quot;:&quot;&quot;,&quot;isLinked&quot;:true},&quot;element_pack_global_tooltip_border_radius&quot;:{&quot;unit&quot;:&quot;px&quot;,&quot;top&quot;:&quot;&quot;,&quot;right&quot;:&quot;&quot;,&quot;bottom&quot;:&quot;&quot;,&quot;left&quot;:&quot;&quot;,&quot;isLinked&quot;:true},&quot;element_pack_global_tooltip_border_radius_tablet&quot;:{&quot;unit&quot;:&quot;px&quot;,&quot;top&quot;:&quot;&quot;,&quot;right&quot;:&quot;&quot;,&quot;bottom&quot;:&quot;&quot;,&quot;left&quot;:&quot;&quot;,&quot;isLinked&quot;:true},&quot;element_pack_global_tooltip_border_radius_mobile&quot;:{&quot;unit&quot;:&quot;px&quot;,&quot;top&quot;:&quot;&quot;,&quot;right&quot;:&quot;&quot;,&quot;bottom&quot;:&quot;&quot;,&quot;left&quot;:&quot;&quot;,&quot;isLinked&quot;:true}}\" data-elementor-post-type=\"page\">\n\t\t\t\t\t\t<section class=\"elementor-section elementor-top-section elementor-element elementor-element-72b9bd9 elementor-section-stretched elementor-section-boxed elementor-section-height-default elementor-section-height-default\" data-id=\"72b9bd9\" data-element_type=\"section\" data-settings=\"{&quot;stretch_section&quot;:&quot;section-stretched&quot;,&quot;background_background&quot;:&quot;classic&quot;}\">\n\t\t\t\t\t\t<div class=\"elementor-container elementor-column-gap-no\">\n\t\t\t\t\t<div class=\"elementor-column elementor-col-100 elementor-top-column elementor-element elementor-element-ffce0bc sc_layouts_column_icons_position_left\" data-id=\"ffce0bc\" data-element_type=\"column\">\n\t\t\t<div class=\"elementor-widget-wrap elementor-element-populated\">\n\t\t\t\t\t\t<div class=\"elementor-element elementor-element-1937511 elementor-widget elementor-widget-spacer\" data-id=\"1937511\" data-element_type=\"widget\" data-widget_type=\"spacer.default\">\n\t\t\t\t<div class=\"elementor-widget-container\">\n\t\t\t\t\t\t\t<div class=\"elementor-spacer\">\n\t\t\t<div class=\"elementor-spacer-inner\"><\/div>\n\t\t<\/div>\n\t\t\t\t\t\t<\/div>\n\t\t\t\t<\/div>\n\t\t\t\t<div class=\"elementor-element elementor-element-6f6c0a7 elementor-widget elementor-widget-trx_sc_title\" data-id=\"6f6c0a7\" data-element_type=\"widget\" data-widget_type=\"trx_sc_title.default\">\n\t\t\t\t<div class=\"elementor-widget-container\">\n\t\t\t\t\t<div id=\"trx_sc_title_1187418704\"\n\t\tclass=\"sc_title sc_title_accent\"><span class=\"sc_item_subtitle sc_title_subtitle sc_item_subtitle_above sc_item_title_style_accent\">Se r\u00e9concilier avec Dieu<\/span><h2 class=\"sc_item_title sc_title_title sc_item_title_style_accent\"><span class=\"sc_item_title_text\">Le sacrement de r\u00e9conciliation<\/span><\/h2><\/div><!-- \/.sc_title -->\t\t\t\t<\/div>\n\t\t\t\t<\/div>\n\t\t\t\t<div class=\"elementor-element elementor-element-ad679b8 elementor-widget elementor-widget-spacer\" data-id=\"ad679b8\" data-element_type=\"widget\" data-widget_type=\"spacer.default\">\n\t\t\t\t<div class=\"elementor-widget-container\">\n\t\t\t\t\t\t\t<div class=\"elementor-spacer\">\n\t\t\t<div class=\"elementor-spacer-inner\"><\/div>\n\t\t<\/div>\n\t\t\t\t\t\t<\/div>\n\t\t\t\t<\/div>\n\t\t\t\t<div class=\"elementor-element elementor-element-525f75c elementor-widget elementor-widget-text-editor\" data-id=\"525f75c\" data-element_type=\"widget\" data-widget_type=\"text-editor.default\">\n\t\t\t\t<div class=\"elementor-widget-container\">\n\t\t\t\t\t\t\t\t\t<p><img fetchpriority=\"high\" decoding=\"async\" class=\"size-medium wp-image-8197 alignleft\" src=\"https:\/\/demos.uptitude.fr\/savviry1\/wp-content\/uploads\/2025\/03\/rencontrer-un-pretre-confession-300x200.jpg\" alt=\"\" width=\"300\" height=\"200\" srcset=\"https:\/\/demos.uptitude.fr\/savviry1\/wp-content\/uploads\/2025\/03\/rencontrer-un-pretre-confession-300x200.jpg 300w, https:\/\/demos.uptitude.fr\/savviry1\/wp-content\/uploads\/2025\/03\/rencontrer-un-pretre-confession-1024x683.jpg 1024w, https:\/\/demos.uptitude.fr\/savviry1\/wp-content\/uploads\/2025\/03\/rencontrer-un-pretre-confession-768x512.jpg 768w, https:\/\/demos.uptitude.fr\/savviry1\/wp-content\/uploads\/2025\/03\/rencontrer-un-pretre-confession-370x247.jpg 370w, https:\/\/demos.uptitude.fr\/savviry1\/wp-content\/uploads\/2025\/03\/rencontrer-un-pretre-confession-760x507.jpg 760w, https:\/\/demos.uptitude.fr\/savviry1\/wp-content\/uploads\/2025\/03\/rencontrer-un-pretre-confession-407x271.jpg 407w, https:\/\/demos.uptitude.fr\/savviry1\/wp-content\/uploads\/2025\/03\/rencontrer-un-pretre-confession.jpg 1200w\" sizes=\"(max-width: 300px) 100vw, 300px\" \/>Croire que l\u2019amour et le pardon sont plus forts que nos limites et nos p\u00e9ch\u00e9s.<\/p><p><strong>R\u00e9conciliation<\/strong> : se r\u00e9concilier avec Dieu ! mes fr\u00e8res ! et moi-m\u00eame !<\/p><p><strong>Pardon<\/strong> : Vivre le pardon de toutes fautes en croyant \u00e0 l\u2019amour de Dieu vainqueur du mal et de la mort.<\/p><p><strong>P\u00e9nitence<\/strong> : Se reconnaitre p\u00e9cheur et vouloir changer.<\/p><p><strong>Confession<\/strong> : confesser que je crois que l\u2019amour de Dieu est plus grand que tout.<\/p><p>La r\u00e9conciliation est une dimension essentielle de la foi chr\u00e9tienne. Signe de la mis\u00e9ricorde infinie de Dieu.Reconciliation<\/p><p>Ce sacrement appel\u00e9 sacrement de la p\u00e9nitence et de la r\u00e9conciliation est indissociablement un temps de reconnaissance du p\u00e9ch\u00e9 et de renaissance spirituelle pour les baptis\u00e9s.<\/p><p>Se reconna\u00eetre p\u00e9cheur, se reconna\u00eetre coupable mais le reconna\u00eetre devant Dieu, c\u2019est entrer dans une d\u00e9marche de confiance car Dieu ne veut pas la mort du p\u00e9cheur mais qu\u2019il vive. Son amour est plus fort que toutes nos ruptures. La r\u00e9conciliation permet \u00e0 chacun d\u2019exercer sa libert\u00e9.<\/p><p>Faire p\u00e9nitence, se r\u00e9concilier c\u2019est changer sa fa\u00e7on de penser, de se comporter, de regarder l\u2019autre et, tout en reconnaissant son manque d\u2019amour, \u00eatre capable d\u2019un v\u00e9ritable changement.<\/p><p>Dans le sacrement de r\u00e9conciliation, la d\u00e9marche de confesser son p\u00e9ch\u00e9 personnellement aupr\u00e8s du pr\u00eatre, permet une prise de conscience lucide devant l\u2019Eglise. Le pr\u00eatre invite alors \u00e0 la conversion.<\/p><h2>Comment rencontrer un pr\u00eatre ?<\/h2><ul><li>Au cours de l\u2019ann\u00e9e pour se pr\u00e9parer aux grandes f\u00eates, des temps sp\u00e9cifiques pour vivre cette d\u00e9marche sont pr\u00e9vus : consulter les affichettes, et les feuilles paroissiales.<\/li><li>Possibilit\u00e9 de renconter un pr\u00eatre en semaine, apr\u00e8s les messes \u00e0 Savigny (de 9h30 \u00e0 10h30 le mardi \u00e0 Saint-Martin, le jeudi \u00e0 Sainte-Th\u00e9r\u00e8se); avant les messes \u00e0 Viry (17h30 &#8211; 18h le lundi et mercredi \u00e0 Sainte-Bernadette, le vendredi \u00e0 Notre-Dame des Cit\u00e9s)<\/li><li>En dehors de ces possibilit\u00e9s : prendre rendez vous avec un pr\u00eatre, si besoin en contactant l\u2019accueil de votre commune Pour Savigny-sur-Orge, contacter l\u2019accueil \u00e0 la Maison Bonne Nouvelle<br \/>Pour Viry-Ch\u00e2tillon, contacter l\u2019accueil du secr\u00e9tariat Inter-Paroissial<\/li><\/ul><p>En savoir plus sur la R\u00e9conciliation :<\/p><p>http:\/\/www.liturgiecatholique.fr\/-Penitence-reconciliation-.html<\/p><p><blockquote class=\"wp-embedded-content\" data-secret=\"3WlD10WD85\"><a href=\"https:\/\/eglise.catholique.fr\/approfondir-sa-foi\/la-celebration-de-la-foi\/les-sacrements\/la-penitence-et-la-reconciliation\/\">La p\u00e9nitence et la r\u00e9conciliation<\/a><\/blockquote><iframe class=\"wp-embedded-content\" sandbox=\"allow-scripts\" security=\"restricted\" style=\"position: absolute; visibility: hidden;\" title=\"\u00ab\u00a0La p\u00e9nitence et la r\u00e9conciliation\u00a0\u00bb &#8212; \u00c9glise catholique en France\" src=\"https:\/\/eglise.catholique.fr\/approfondir-sa-foi\/la-celebration-de-la-foi\/les-sacrements\/la-penitence-et-la-reconciliation\/embed\/#?secret=3WlD10WD85\" data-secret=\"3WlD10WD85\" width=\"600\" height=\"338\" frameborder=\"0\" marginwidth=\"0\" marginheight=\"0\" scrolling=\"no\"><\/iframe><\/p>\t\t\t\t\t\t\t\t<\/div>\n\t\t\t\t<\/div>\n\t\t\t\t\t<\/div>\n\t\t<\/div>\n\t\t\t\t\t<\/div>\n\t\t<\/section>\n\t\t\t\t<section class=\"elementor-section elementor-top-section elementor-element elementor-element-db51ad1 elementor-section-stretched elementor-section-boxed elementor-section-height-default elementor-section-height-default\" data-id=\"db51ad1\" data-element_type=\"section\" data-settings=\"{&quot;stretch_section&quot;:&quot;section-stretched&quot;,&quot;background_background&quot;:&quot;classic&quot;}\">\n\t\t\t\t\t\t<div class=\"elementor-container elementor-column-gap-no\">\n\t\t\t\t\t<div class=\"elementor-column elementor-col-100 elementor-top-column elementor-element elementor-element-d70d512 sc_layouts_column_icons_position_left\" data-id=\"d70d512\" data-element_type=\"column\">\n\t\t\t<div class=\"elementor-widget-wrap elementor-element-populated\">\n\t\t\t\t\t\t<section class=\"elementor-section elementor-inner-section elementor-element elementor-element-6f94cd4 elementor-section-boxed elementor-section-height-default elementor-section-height-default\" data-id=\"6f94cd4\" data-element_type=\"section\">\n\t\t\t\t\t\t<div class=\"elementor-container elementor-column-gap-no\">\n\t\t\t\t\t<div class=\"elementor-column elementor-col-16 elementor-inner-column elementor-element elementor-element-fabf2f7 sc_layouts_column_icons_position_left\" data-id=\"fabf2f7\" data-element_type=\"column\">\n\t\t\t<div class=\"elementor-widget-wrap\">\n\t\t\t\t\t\t\t<\/div>\n\t\t<\/div>\n\t\t\t\t<div class=\"elementor-column elementor-col-66 elementor-inner-column elementor-element elementor-element-5da7746 sc_layouts_column_icons_position_left\" data-id=\"5da7746\" data-element_type=\"column\">\n\t\t\t<div class=\"elementor-widget-wrap elementor-element-populated\">\n\t\t\t\t\t\t<div class=\"elementor-element elementor-element-62bc0f4 elementor-widget elementor-widget-spacer\" data-id=\"62bc0f4\" data-element_type=\"widget\" data-widget_type=\"spacer.default\">\n\t\t\t\t<div class=\"elementor-widget-container\">\n\t\t\t\t\t\t\t<div class=\"elementor-spacer\">\n\t\t\t<div class=\"elementor-spacer-inner\"><\/div>\n\t\t<\/div>\n\t\t\t\t\t\t<\/div>\n\t\t\t\t<\/div>\n\t\t\t\t<div class=\"elementor-element elementor-element-cd9524b scheme_dark elementor-widget elementor-widget-trx_sc_title\" data-id=\"cd9524b\" data-element_type=\"widget\" data-widget_type=\"trx_sc_title.default\">\n\t\t\t\t<div class=\"elementor-widget-container\">\n\t\t\t\t\t<div id=\"trx_sc_title_552084830\"\n\t\tclass=\"sc_title scheme_dark sc_title_default\"><h2 class=\"sc_item_title sc_title_title sc_align_center sc_item_title_style_default\"><span class=\"sc_item_title_text\">Ayant ainsi parl\u00e9, il souffla sur eux et il leur dit : \u00ab Recevez l\u2019Esprit Saint. \u00c0 qui vous remettrez ses p\u00e9ch\u00e9s, ils seront remis ; \u00e0 qui vous maintiendrez ses p\u00e9ch\u00e9s, ils seront maintenus. \u00bb<\/span><\/h2><div class=\"sc_item_descr sc_title_descr sc_align_center\"><p>Jean 20, 21-23<\/p>\n<\/div><\/div><!-- \/.sc_title -->\t\t\t\t<\/div>\n\t\t\t\t<\/div>\n\t\t\t\t\t<\/div>\n\t\t<\/div>\n\t\t\t\t<div class=\"elementor-column elementor-col-16 elementor-inner-column elementor-element elementor-element-aa9c107 sc_layouts_column_icons_position_left\" data-id=\"aa9c107\" data-element_type=\"column\">\n\t\t\t<div class=\"elementor-widget-wrap\">\n\t\t\t\t\t\t\t<\/div>\n\t\t<\/div>\n\t\t\t\t\t<\/div>\n\t\t<\/section>\n\t\t\t\t\t<\/div>\n\t\t<\/div>\n\t\t\t\t\t<\/div>\n\t\t<\/section>\n\t\t\t\t<section class=\"elementor-section elementor-top-section elementor-element elementor-element-26d370f elementor-section-stretched hide_bg_image_on_tablet hide_bg_image_on_mobile elementor-section-boxed elementor-section-height-default elementor-section-height-default\" data-id=\"26d370f\" data-element_type=\"section\" data-settings=\"{&quot;stretch_section&quot;:&quot;section-stretched&quot;,&quot;background_background&quot;:&quot;classic&quot;}\">\n\t\t\t\t\t\t<div class=\"elementor-container elementor-column-gap-no\">\n\t\t\t\t\t<div class=\"elementor-column elementor-col-100 elementor-top-column elementor-element elementor-element-7d44103 sc_layouts_column_icons_position_left\" data-id=\"7d44103\" data-element_type=\"column\">\n\t\t\t<div class=\"elementor-widget-wrap elementor-element-populated\">\n\t\t\t\t\t\t<section class=\"elementor-section elementor-top-section elementor-element elementor-element-f1e720e elementor-section-boxed elementor-section-height-default elementor-section-height-default\" data-id=\"f1e720e\" data-element_type=\"section\">\n\t\t\t\t\t\t<div class=\"elementor-container elementor-column-gap-extended\">\n\t\t\t\t\t<div class=\"elementor-column elementor-col-100 elementor-top-column elementor-element elementor-element-8cc860b sc_layouts_column_icons_position_left\" data-id=\"8cc860b\" data-element_type=\"column\">\n\t\t\t<div class=\"elementor-widget-wrap elementor-element-populated\">\n\t\t\t\t\t\t<div class=\"elementor-element elementor-element-ad96bf3 elementor-widget elementor-widget-spacer\" data-id=\"ad96bf3\" data-element_type=\"widget\" data-widget_type=\"spacer.default\">\n\t\t\t\t<div class=\"elementor-widget-container\">\n\t\t\t\t\t\t\t<div class=\"elementor-spacer\">\n\t\t\t<div class=\"elementor-spacer-inner\"><\/div>\n\t\t<\/div>\n\t\t\t\t\t\t<\/div>\n\t\t\t\t<\/div>\n\t\t\t\t<div class=\"elementor-element elementor-element-8cff699 elementor-widget elementor-widget-spacer\" data-id=\"8cff699\" data-element_type=\"widget\" data-widget_type=\"spacer.default\">\n\t\t\t\t<div class=\"elementor-widget-container\">\n\t\t\t\t\t\t\t<div class=\"elementor-spacer\">\n\t\t\t<div class=\"elementor-spacer-inner\"><\/div>\n\t\t<\/div>\n\t\t\t\t\t\t<\/div>\n\t\t\t\t<\/div>\n\t\t\t\t\t<\/div>\n\t\t<\/div>\n\t\t\t\t\t<\/div>\n\t\t<\/section>\n\t\t\t\t\t<\/div>\n\t\t<\/div>\n\t\t\t\t\t<\/div>\n\t\t<\/section>\n\t\t\t\t<\/div>\n\t\t","protected":false},"excerpt":{"rendered":"<p>Se r\u00e9concilier avec Dieu Le sacrement de r\u00e9conciliation Croire que l\u2019amour et le pardon sont plus forts que nos limites et nos p\u00e9ch\u00e9s. R\u00e9conciliation : se r\u00e9concilier avec Dieu ! mes fr\u00e8res ! et moi-m\u00eame ! Pardon : Vivre&hellip;<\/p>\n","protected":false},"author":1,"featured_media":0,"parent":336,"menu_order":6,"comment_status":"closed","ping_status":"closed","template":"","meta":{"give_campaign_id":0,"footnotes":""},"class_list":["post-2899","page","type-page","status-publish","hentry"],"campaignId":"","_links":{"self":[{"href":"https:\/\/demos.uptitude.fr\/savviry1\/wp-json\/wp\/v2\/pages\/2899","targetHints":{"allow":["GET"]}}],"collection":[{"href":"https:\/\/demos.uptitude.fr\/savviry1\/wp-json\/wp\/v2\/pages"}],"about":[{"href":"https:\/\/demos.uptitude.fr\/savviry1\/wp-json\/wp\/v2\/types\/page"}],"author":[{"embeddable":true,"href":"https:\/\/demos.uptitude.fr\/savviry1\/wp-json\/wp\/v2\/users\/1"}],"replies":[{"embeddable":true,"href":"https:\/\/demos.uptitude.fr\/savviry1\/wp-json\/wp\/v2\/comments?post=2899"}],"version-history":[{"count":25,"href":"https:\/\/demos.uptitude.fr\/savviry1\/wp-json\/wp\/v2\/pages\/2899\/revisions"}],"predecessor-version":[{"id":8473,"href":"https:\/\/demos.uptitude.fr\/savviry1\/wp-json\/wp\/v2\/pages\/2899\/revisions\/8473"}],"up":[{"embeddable":true,"href":"https:\/\/demos.uptitude.fr\/savviry1\/wp-json\/wp\/v2\/pages\/336"}],"wp:attachment":[{"href":"https:\/\/demos.uptitude.fr\/savviry1\/wp-json\/wp\/v2\/media?parent=2899"}],"curies":[{"name":"wp","href":"https:\/\/api.w.org\/{rel}","templated":true}]}}