{"id":357,"date":"2018-06-20T14:53:46","date_gmt":"2018-06-20T14:53:46","guid":{"rendered":"https:\/\/demos.uptitude.fr\/savviry1\/?page_id=357"},"modified":"2025-09-28T23:17:17","modified_gmt":"2025-09-28T21:17:17","slug":"le-sacrement-de-la-confirmation","status":"publish","type":"page","link":"https:\/\/demos.uptitude.fr\/savviry1\/sacrements\/le-sacrement-de-la-confirmation\/","title":{"rendered":"Le sacrement de la confirmation"},"content":{"rendered":"\t\t<div data-elementor-type=\"wp-post\" data-elementor-id=\"357\" class=\"elementor elementor-357\" data-elementor-settings=\"{&quot;element_pack_global_tooltip_width&quot;:{&quot;unit&quot;:&quot;px&quot;,&quot;size&quot;:&quot;&quot;,&quot;sizes&quot;:[]},&quot;element_pack_global_tooltip_width_tablet&quot;:{&quot;unit&quot;:&quot;px&quot;,&quot;size&quot;:&quot;&quot;,&quot;sizes&quot;:[]},&quot;element_pack_global_tooltip_width_mobile&quot;:{&quot;unit&quot;:&quot;px&quot;,&quot;size&quot;:&quot;&quot;,&quot;sizes&quot;:[]},&quot;element_pack_global_tooltip_padding&quot;:{&quot;unit&quot;:&quot;px&quot;,&quot;top&quot;:&quot;&quot;,&quot;right&quot;:&quot;&quot;,&quot;bottom&quot;:&quot;&quot;,&quot;left&quot;:&quot;&quot;,&quot;isLinked&quot;:true},&quot;element_pack_global_tooltip_padding_tablet&quot;:{&quot;unit&quot;:&quot;px&quot;,&quot;top&quot;:&quot;&quot;,&quot;right&quot;:&quot;&quot;,&quot;bottom&quot;:&quot;&quot;,&quot;left&quot;:&quot;&quot;,&quot;isLinked&quot;:true},&quot;element_pack_global_tooltip_padding_mobile&quot;:{&quot;unit&quot;:&quot;px&quot;,&quot;top&quot;:&quot;&quot;,&quot;right&quot;:&quot;&quot;,&quot;bottom&quot;:&quot;&quot;,&quot;left&quot;:&quot;&quot;,&quot;isLinked&quot;:true},&quot;element_pack_global_tooltip_border_radius&quot;:{&quot;unit&quot;:&quot;px&quot;,&quot;top&quot;:&quot;&quot;,&quot;right&quot;:&quot;&quot;,&quot;bottom&quot;:&quot;&quot;,&quot;left&quot;:&quot;&quot;,&quot;isLinked&quot;:true},&quot;element_pack_global_tooltip_border_radius_tablet&quot;:{&quot;unit&quot;:&quot;px&quot;,&quot;top&quot;:&quot;&quot;,&quot;right&quot;:&quot;&quot;,&quot;bottom&quot;:&quot;&quot;,&quot;left&quot;:&quot;&quot;,&quot;isLinked&quot;:true},&quot;element_pack_global_tooltip_border_radius_mobile&quot;:{&quot;unit&quot;:&quot;px&quot;,&quot;top&quot;:&quot;&quot;,&quot;right&quot;:&quot;&quot;,&quot;bottom&quot;:&quot;&quot;,&quot;left&quot;:&quot;&quot;,&quot;isLinked&quot;:true}}\" data-elementor-post-type=\"page\">\n\t\t\t\t\t\t<section class=\"elementor-section elementor-top-section elementor-element elementor-element-017b886 elementor-section-stretched hide_bg_image_on_tablet hide_bg_image_on_mobile elementor-section-boxed elementor-section-height-default elementor-section-height-default\" data-id=\"017b886\" data-element_type=\"section\" data-settings=\"{&quot;stretch_section&quot;:&quot;section-stretched&quot;,&quot;background_background&quot;:&quot;classic&quot;}\">\n\t\t\t\t\t\t<div class=\"elementor-container elementor-column-gap-no\">\n\t\t\t\t\t<div class=\"elementor-column elementor-col-100 elementor-top-column elementor-element elementor-element-c749720 sc_layouts_column_icons_position_left\" data-id=\"c749720\" data-element_type=\"column\">\n\t\t\t<div class=\"elementor-widget-wrap elementor-element-populated\">\n\t\t\t\t\t\t<section class=\"elementor-section elementor-top-section elementor-element elementor-element-9beffd9 elementor-section-boxed elementor-section-height-default elementor-section-height-default\" data-id=\"9beffd9\" data-element_type=\"section\" data-settings=\"{&quot;background_background&quot;:&quot;classic&quot;}\">\n\t\t\t\t\t\t<div class=\"elementor-container elementor-column-gap-extended\">\n\t\t\t\t\t<div class=\"elementor-column elementor-col-16 elementor-top-column elementor-element elementor-element-de44f91 sc_layouts_column_icons_position_left\" data-id=\"de44f91\" data-element_type=\"column\">\n\t\t\t<div class=\"elementor-widget-wrap\">\n\t\t\t\t\t\t\t<\/div>\n\t\t<\/div>\n\t\t\t\t<div class=\"elementor-column elementor-col-66 elementor-top-column elementor-element elementor-element-95a8074 sc_layouts_column_icons_position_left\" data-id=\"95a8074\" data-element_type=\"column\">\n\t\t\t<div class=\"elementor-widget-wrap elementor-element-populated\">\n\t\t\t\t\t\t<div class=\"elementor-element elementor-element-c69bdb9 elementor-widget elementor-widget-spacer\" data-id=\"c69bdb9\" data-element_type=\"widget\" data-widget_type=\"spacer.default\">\n\t\t\t\t<div class=\"elementor-widget-container\">\n\t\t\t\t\t\t\t<div class=\"elementor-spacer\">\n\t\t\t<div class=\"elementor-spacer-inner\"><\/div>\n\t\t<\/div>\n\t\t\t\t\t\t<\/div>\n\t\t\t\t<\/div>\n\t\t\t\t<div class=\"elementor-element elementor-element-bb97db1 elementor-widget elementor-widget-trx_sc_title\" data-id=\"bb97db1\" data-element_type=\"widget\" data-widget_type=\"trx_sc_title.default\">\n\t\t\t\t<div class=\"elementor-widget-container\">\n\t\t\t\t\t<div id=\"trx_sc_title_438818037\"\n\t\tclass=\"sc_title sc_title_accent\"><h2 class=\"sc_item_title sc_title_title sc_align_center sc_item_title_style_accent\"><span class=\"sc_item_title_text\">Le sacrement de a confirmaton<\/span><\/h2><\/div><!-- \/.sc_title -->\t\t\t\t<\/div>\n\t\t\t\t<\/div>\n\t\t\t\t<div class=\"elementor-element elementor-element-b24b254 elementor-widget elementor-widget-spacer\" data-id=\"b24b254\" data-element_type=\"widget\" data-widget_type=\"spacer.default\">\n\t\t\t\t<div class=\"elementor-widget-container\">\n\t\t\t\t\t\t\t<div class=\"elementor-spacer\">\n\t\t\t<div class=\"elementor-spacer-inner\"><\/div>\n\t\t<\/div>\n\t\t\t\t\t\t<\/div>\n\t\t\t\t<\/div>\n\t\t\t\t<div class=\"elementor-element elementor-element-9c1eba5 elementor-widget elementor-widget-text-editor\" data-id=\"9c1eba5\" data-element_type=\"widget\" data-widget_type=\"text-editor.default\">\n\t\t\t\t<div class=\"elementor-widget-container\">\n\t\t\t\t\t\t\t\t\t<p><img decoding=\"async\" class=\"alignleft\" src=\"https:\/\/www.savigny-viry-catholique.fr\/wp-content\/uploads\/2017\/03\/003-chrismation_61_-1f76e.jpg\" \/>Comme ce mot l\u2019indique, ce sacrement confirme la gr\u00e2ce re\u00e7ue au bapt\u00eame.<\/p><p>La confirmation, sacrement de l\u2019initiation chr\u00e9tienne est le rite par lequel le baptis\u00e9 est confirm\u00e9 dans l\u2019Esprit Saint comme membre vivant de l\u2019\u00c9glise.<\/p><p>La confirmation rend le baptis\u00e9 capable, avec l\u2019aide l\u2019Esprit saint, de porter t\u00e9moignage de sa foi dans le monde o\u00f9 il vit.<\/p><p>Dans le bapt\u00eame, Dieu dit \u00abviens\u00bb<\/p><p>Dans la confirmation, il dit \u00ab\u00a0va\u00a0\u00bb<\/p><p>Dans la communion il dit \u00ab\u00a0je suis avec vous\u00a0\u00bb.<\/p><p>Le sacrement se c\u00e9l\u00e8bre par la grande pri\u00e8re habituellement par l\u2019\u00c9v\u00eaque et par le symbolisme de l\u2019onction de l\u2019huile ou Saint Chr\u00eame qui signifie la croissance du baptis\u00e9 comme <strong>pr\u00eatre, proph\u00e8te et roi<\/strong> (au sens biblique de ces mots).<\/p><p><strong>Pr\u00eatre<\/strong>\u00a0: avec tous les chr\u00e9tiens tu es invit\u00e9 \u00e0 prier, \u00e0 c\u00e9l\u00e9brer.<\/p><p><strong>Proph\u00e8te<\/strong>\u00a0: avec tous les chr\u00e9tiens tu es invit\u00e9 \u00e0 t\u00e9moigner.<\/p><p><strong>Roi\u00a0<\/strong>: avec tous les chr\u00e9tiens tu es invit\u00e9 \u00e0 construire le royaume de Dieu (royaume de Justice et de Paix de Dieu, cf. Isa\u00efe).<\/p><p>\u00a0<\/p>\t\t\t\t\t\t\t\t<\/div>\n\t\t\t\t<\/div>\n\t\t\t\t\t<\/div>\n\t\t<\/div>\n\t\t\t\t<div class=\"elementor-column elementor-col-16 elementor-top-column elementor-element elementor-element-7c28eee sc_layouts_column_icons_position_left\" data-id=\"7c28eee\" data-element_type=\"column\">\n\t\t\t<div class=\"elementor-widget-wrap\">\n\t\t\t\t\t\t\t<\/div>\n\t\t<\/div>\n\t\t\t\t\t<\/div>\n\t\t<\/section>\n\t\t\t\t<section class=\"elementor-section elementor-top-section elementor-element elementor-element-3d1a4cd elementor-section-boxed elementor-section-height-default elementor-section-height-default\" data-id=\"3d1a4cd\" data-element_type=\"section\" data-settings=\"{&quot;background_background&quot;:&quot;classic&quot;}\">\n\t\t\t\t\t\t\t<div class=\"elementor-background-overlay\"><\/div>\n\t\t\t\t\t\t\t<div class=\"elementor-container elementor-column-gap-no\">\n\t\t\t\t\t<div class=\"elementor-column elementor-col-100 elementor-top-column elementor-element elementor-element-ffd041b sc_layouts_column_icons_position_left\" data-id=\"ffd041b\" data-element_type=\"column\">\n\t\t\t<div class=\"elementor-widget-wrap elementor-element-populated\">\n\t\t\t\t\t\t<div class=\"elementor-element elementor-element-61a262b elementor-widget elementor-widget-spacer\" data-id=\"61a262b\" data-element_type=\"widget\" data-widget_type=\"spacer.default\">\n\t\t\t\t<div class=\"elementor-widget-container\">\n\t\t\t\t\t\t\t<div class=\"elementor-spacer\">\n\t\t\t<div class=\"elementor-spacer-inner\"><\/div>\n\t\t<\/div>\n\t\t\t\t\t\t<\/div>\n\t\t\t\t<\/div>\n\t\t\t\t<div class=\"elementor-element elementor-element-a3b3bb0 elementor-widget elementor-widget-spacer\" data-id=\"a3b3bb0\" data-element_type=\"widget\" data-widget_type=\"spacer.default\">\n\t\t\t\t<div class=\"elementor-widget-container\">\n\t\t\t\t\t\t\t<div class=\"elementor-spacer\">\n\t\t\t<div class=\"elementor-spacer-inner\"><\/div>\n\t\t<\/div>\n\t\t\t\t\t\t<\/div>\n\t\t\t\t<\/div>\n\t\t\t\t<section class=\"elementor-section elementor-inner-section elementor-element elementor-element-87f9622 elementor-section-boxed elementor-section-height-default elementor-section-height-default\" data-id=\"87f9622\" data-element_type=\"section\">\n\t\t\t\t\t\t<div class=\"elementor-container elementor-column-gap-no\">\n\t\t\t\t\t<div class=\"elementor-column elementor-col-100 elementor-inner-column elementor-element elementor-element-ad3690c sc_layouts_column_icons_position_left\" data-id=\"ad3690c\" data-element_type=\"column\">\n\t\t\t<div class=\"elementor-widget-wrap elementor-element-populated\">\n\t\t\t\t\t\t<div class=\"elementor-element elementor-element-fefedf9 elementor-widget elementor-widget-trx_sc_promo\" data-id=\"fefedf9\" data-element_type=\"widget\" data-widget_type=\"trx_sc_promo.default\">\n\t\t\t\t<div class=\"elementor-widget-container\">\n\t\t\t\t\t<div  id=\"trx_sc_promo_1560713170\" \n\tclass=\"sc_promo sc_promo_default sc_promo_size_normal sc_promo_image_position_left\"><div class=\"sc_promo_image\" style=\"background-image:url(\/\/demos.uptitude.fr\/savviry1\/wp-content\/uploads\/2018\/06\/img-7-copyright.jpg);width:50%;left: 0;\"><\/div><!-- \/.sc_promo_image --><div class=\"sc_promo_text\" style=\"width: 50%;float: right;\">\n\t\t\t<div class=\"sc_promo_text_inner trx_addons_inline_196074032\"><h3 class=\"sc_item_title sc_promo_title sc_item_title_style_accent\"><span class=\"sc_item_title_text\">La confirmation des ados<\/span><\/h3><div class=\"sc_item_descr sc_promo_descr\"><p>Pour les adolescents, (lyc\u00e9en ou plus de 15 ans)<br \/>\nConfirmation<\/p>\n<p>Avec l\u2019accord de ses parents*, le jeune suit une pr\u00e9paration sp\u00e9cifique tout en ayant une vie en en aum\u00f4nerie ou dans un autre groupe catholique (scouts, servants \u2026).<\/p>\n<p>Comment faire pour s\u2019inscrire ?<\/p>\n<p>En fin d\u2019ann\u00e9e civile un nouveau cheminement se met en place.<\/p>\n<p>L\u2019information est alors donn\u00e9e \u00e0 tous ceux qui sont en aum\u00f4nerie (si nous avons leurs coordonn\u00e9es).<\/p>\n<\/div><\/div>\n\t\t<\/div><!-- \/.sc_promo_text --><\/div><!-- \/.sc_promo -->\t\t\t\t<\/div>\n\t\t\t\t<\/div>\n\t\t\t\t\t<\/div>\n\t\t<\/div>\n\t\t\t\t\t<\/div>\n\t\t<\/section>\n\t\t\t\t<section class=\"elementor-section elementor-inner-section elementor-element elementor-element-cddc930 elementor-section-boxed elementor-section-height-default elementor-section-height-default\" data-id=\"cddc930\" data-element_type=\"section\">\n\t\t\t\t\t\t<div class=\"elementor-container elementor-column-gap-no\">\n\t\t\t\t\t<div class=\"elementor-column elementor-col-100 elementor-inner-column elementor-element elementor-element-f2641c7 sc_layouts_column_icons_position_left\" data-id=\"f2641c7\" data-element_type=\"column\">\n\t\t\t<div class=\"elementor-widget-wrap elementor-element-populated\">\n\t\t\t\t\t\t<div class=\"elementor-element elementor-element-3b0fcde elementor-widget elementor-widget-spacer\" data-id=\"3b0fcde\" data-element_type=\"widget\" data-widget_type=\"spacer.default\">\n\t\t\t\t<div class=\"elementor-widget-container\">\n\t\t\t\t\t\t\t<div class=\"elementor-spacer\">\n\t\t\t<div class=\"elementor-spacer-inner\"><\/div>\n\t\t<\/div>\n\t\t\t\t\t\t<\/div>\n\t\t\t\t<\/div>\n\t\t\t\t<div class=\"elementor-element elementor-element-2df1202 elementor-widget elementor-widget-trx_sc_promo\" data-id=\"2df1202\" data-element_type=\"widget\" data-widget_type=\"trx_sc_promo.default\">\n\t\t\t\t<div class=\"elementor-widget-container\">\n\t\t\t\t\t<div  id=\"trx_sc_promo_1015620784\" \n\tclass=\"sc_promo sc_promo_default sc_promo_size_normal sc_promo_image_position_right\"><div class=\"sc_promo_image\" style=\"background-image:url(\/\/demos.uptitude.fr\/savviry1\/wp-content\/uploads\/2018\/06\/img-8-copyright.jpg);width:50%;right: 0;\"><\/div><!-- \/.sc_promo_image --><div class=\"sc_promo_text\" style=\"width: 50%;float: left;\">\n\t\t\t<div class=\"sc_promo_text_inner trx_addons_inline_1920046114\"><span class=\"sc_item_subtitle sc_promo_subtitle sc_item_subtitle_above sc_item_title_style_accent\">Subtitle<\/span><h3 class=\"sc_item_title sc_promo_title sc_item_title_style_accent\"><span class=\"sc_item_title_text\">Confirmation des adultes<\/span><\/h3><div class=\"sc_item_descr sc_promo_descr\"><p>Pour les adultes<\/p>\n<p>La personne rejoint l\u2019\u00e9quipe du \u00ab cat\u00e9chum\u00e9nat \u00bb.<\/p>\n<p>    Pour Savigny-sur-Orge, contacter l\u2019accueil \u00e0 la Maison Bonne Nouvelle<br \/>\n    Pour Viry-Ch\u00e2tillon, contacter l\u2019accueil du secr\u00e9tariat Inter-Paroissial<\/p>\n<p>L\u2019accueil transmettra au responsable du cat\u00e9chum\u00e9nat qui vous recontactera.<\/p>\n<\/div><a href=\"http:\/\/www.liturgiecatholique.fr\/-Confirmation-.html\" id=\"sc_button_147666318\" class=\"sc_button sc_button_default sc_item_button sc_item_button_default sc_promo_button sc_button_size_normal sc_button_icon_left\"><span class=\"sc_button_text\"><span class=\"sc_button_title\">En savoir plus sur la confirmation<\/span><\/span><!-- \/.sc_button_text --><\/a><!-- \/.sc_button --><\/div>\n\t\t<\/div><!-- \/.sc_promo_text --><\/div><!-- \/.sc_promo -->\t\t\t\t<\/div>\n\t\t\t\t<\/div>\n\t\t\t\t\t<\/div>\n\t\t<\/div>\n\t\t\t\t\t<\/div>\n\t\t<\/section>\n\t\t\t\t<div class=\"elementor-element elementor-element-f80b302 elementor-widget elementor-widget-spacer\" data-id=\"f80b302\" data-element_type=\"widget\" data-widget_type=\"spacer.default\">\n\t\t\t\t<div class=\"elementor-widget-container\">\n\t\t\t\t\t\t\t<div class=\"elementor-spacer\">\n\t\t\t<div class=\"elementor-spacer-inner\"><\/div>\n\t\t<\/div>\n\t\t\t\t\t\t<\/div>\n\t\t\t\t<\/div>\n\t\t\t\t<div class=\"elementor-element elementor-element-190cb8b elementor-widget elementor-widget-spacer\" data-id=\"190cb8b\" data-element_type=\"widget\" data-widget_type=\"spacer.default\">\n\t\t\t\t<div class=\"elementor-widget-container\">\n\t\t\t\t\t\t\t<div class=\"elementor-spacer\">\n\t\t\t<div class=\"elementor-spacer-inner\"><\/div>\n\t\t<\/div>\n\t\t\t\t\t\t<\/div>\n\t\t\t\t<\/div>\n\t\t\t\t\t<\/div>\n\t\t<\/div>\n\t\t\t\t\t<\/div>\n\t\t<\/section>\n\t\t\t\t\t<\/div>\n\t\t<\/div>\n\t\t\t\t\t<\/div>\n\t\t<\/section>\n\t\t\t\t<section class=\"elementor-section elementor-top-section elementor-element elementor-element-79a7c4e elementor-section-stretched elementor-section-boxed elementor-section-height-default elementor-section-height-default\" data-id=\"79a7c4e\" data-element_type=\"section\" data-settings=\"{&quot;stretch_section&quot;:&quot;section-stretched&quot;,&quot;background_background&quot;:&quot;classic&quot;}\">\n\t\t\t\t\t\t<div class=\"elementor-container elementor-column-gap-extended\">\n\t\t\t\t\t<div class=\"elementor-column elementor-col-100 elementor-top-column elementor-element elementor-element-b78c109 sc_layouts_column_icons_position_left\" data-id=\"b78c109\" data-element_type=\"column\">\n\t\t\t<div class=\"elementor-widget-wrap elementor-element-populated\">\n\t\t\t\t\t\t<div class=\"elementor-element elementor-element-803dcfb elementor-widget elementor-widget-spacer\" data-id=\"803dcfb\" data-element_type=\"widget\" data-widget_type=\"spacer.default\">\n\t\t\t\t<div class=\"elementor-widget-container\">\n\t\t\t\t\t\t\t<div class=\"elementor-spacer\">\n\t\t\t<div class=\"elementor-spacer-inner\"><\/div>\n\t\t<\/div>\n\t\t\t\t\t\t<\/div>\n\t\t\t\t<\/div>\n\t\t\t\t<section class=\"elementor-section elementor-inner-section elementor-element elementor-element-8975c95 elementor-section-boxed elementor-section-height-default elementor-section-height-default\" data-id=\"8975c95\" data-element_type=\"section\">\n\t\t\t\t\t\t<div class=\"elementor-container elementor-column-gap-extended\">\n\t\t\t\t\t<div class=\"elementor-column elementor-col-16 elementor-inner-column elementor-element elementor-element-e934ce5 sc_layouts_column_icons_position_left\" data-id=\"e934ce5\" data-element_type=\"column\">\n\t\t\t<div class=\"elementor-widget-wrap\">\n\t\t\t\t\t\t\t<\/div>\n\t\t<\/div>\n\t\t\t\t<div class=\"elementor-column elementor-col-66 elementor-inner-column elementor-element elementor-element-0fc4815 sc_layouts_column_icons_position_left\" data-id=\"0fc4815\" data-element_type=\"column\">\n\t\t\t<div class=\"elementor-widget-wrap elementor-element-populated\">\n\t\t\t\t\t\t<div class=\"elementor-element elementor-element-3ae7653 elementor-widget elementor-widget-trx_sc_title\" data-id=\"3ae7653\" data-element_type=\"widget\" data-widget_type=\"trx_sc_title.default\">\n\t\t\t\t<div class=\"elementor-widget-container\">\n\t\t\t\t\t<div id=\"trx_sc_title_232050108\"\n\t\tclass=\"sc_title sc_title_default\"><span class=\"sc_item_subtitle sc_title_subtitle sc_align_center sc_item_subtitle_above sc_item_title_style_default\">Subtitle<\/span><h2 class=\"sc_item_title sc_title_title sc_align_center sc_item_title_style_default trx_addons_inline_1801754097\"><span class=\"sc_item_title_text\">Alors leur apparurent des langues qu\u2019on aurait dites de feu, qui se partageaient, et il s\u2019en posa une sur chacun d\u2019eux. Tous furent remplis d\u2019Esprit Saint : ils se mirent \u00e0 parler en d\u2019autres langues, et chacun s\u2019exprimait selon le don de l\u2019Esprit.<\/span><\/h2><div class=\"sc_item_descr sc_title_descr sc_align_center\"><p>Actes 2, 3-4<\/p>\n<\/div><\/div><!-- \/.sc_title -->\t\t\t\t<\/div>\n\t\t\t\t<\/div>\n\t\t\t\t\t<\/div>\n\t\t<\/div>\n\t\t\t\t<div class=\"elementor-column elementor-col-16 elementor-inner-column elementor-element elementor-element-08c8e06 sc_layouts_column_icons_position_left\" data-id=\"08c8e06\" data-element_type=\"column\">\n\t\t\t<div class=\"elementor-widget-wrap\">\n\t\t\t\t\t\t\t<\/div>\n\t\t<\/div>\n\t\t\t\t\t<\/div>\n\t\t<\/section>\n\t\t\t\t<div class=\"elementor-element elementor-element-cfc9256 elementor-widget elementor-widget-spacer\" data-id=\"cfc9256\" data-element_type=\"widget\" data-widget_type=\"spacer.default\">\n\t\t\t\t<div class=\"elementor-widget-container\">\n\t\t\t\t\t\t\t<div class=\"elementor-spacer\">\n\t\t\t<div class=\"elementor-spacer-inner\"><\/div>\n\t\t<\/div>\n\t\t\t\t\t\t<\/div>\n\t\t\t\t<\/div>\n\t\t\t\t\t<\/div>\n\t\t<\/div>\n\t\t\t\t\t<\/div>\n\t\t<\/section>\n\t\t\t\t<\/div>\n\t\t","protected":false},"excerpt":{"rendered":"<p>Le sacrement de a confirmaton Comme ce mot l\u2019indique, ce sacrement confirme la gr\u00e2ce re\u00e7ue au bapt\u00eame. La confirmation, sacrement de l\u2019initiation chr\u00e9tienne est le rite par lequel le baptis\u00e9 est confirm\u00e9 dans l\u2019Esprit Saint comme membre vivant de&hellip;<\/p>\n","protected":false},"author":1,"featured_media":0,"parent":336,"menu_order":0,"comment_status":"closed","ping_status":"closed","template":"","meta":{"give_campaign_id":0,"footnotes":""},"class_list":["post-357","page","type-page","status-publish","hentry"],"campaignId":"","_links":{"self":[{"href":"https:\/\/demos.uptitude.fr\/savviry1\/wp-json\/wp\/v2\/pages\/357","targetHints":{"allow":["GET"]}}],"collection":[{"href":"https:\/\/demos.uptitude.fr\/savviry1\/wp-json\/wp\/v2\/pages"}],"about":[{"href":"https:\/\/demos.uptitude.fr\/savviry1\/wp-json\/wp\/v2\/types\/page"}],"author":[{"embeddable":true,"href":"https:\/\/demos.uptitude.fr\/savviry1\/wp-json\/wp\/v2\/users\/1"}],"replies":[{"embeddable":true,"href":"https:\/\/demos.uptitude.fr\/savviry1\/wp-json\/wp\/v2\/comments?post=357"}],"version-history":[{"count":7,"href":"https:\/\/demos.uptitude.fr\/savviry1\/wp-json\/wp\/v2\/pages\/357\/revisions"}],"predecessor-version":[{"id":8215,"href":"https:\/\/demos.uptitude.fr\/savviry1\/wp-json\/wp\/v2\/pages\/357\/revisions\/8215"}],"up":[{"embeddable":true,"href":"https:\/\/demos.uptitude.fr\/savviry1\/wp-json\/wp\/v2\/pages\/336"}],"wp:attachment":[{"href":"https:\/\/demos.uptitude.fr\/savviry1\/wp-json\/wp\/v2\/media?parent=357"}],"curies":[{"name":"wp","href":"https:\/\/api.w.org\/{rel}","templated":true}]}}