{"id":470,"date":"2017-05-02T20:59:57","date_gmt":"2017-05-02T20:59:57","guid":{"rendered":"http:\/\/www.savigny-viry-catholique.fr\/?page_id=470"},"modified":"2017-05-02T20:59:57","modified_gmt":"2017-05-02T20:59:57","slug":"mentions-legales","status":"publish","type":"page","link":"https:\/\/demos.uptitude.fr\/savviry1\/mentions-legales\/","title":{"rendered":"Mentions l\u00e9gales"},"content":{"rendered":"<h2><span style=\"font-family: helvetica,arial,sans-serif;\"><strong>Directeur de publication :<\/strong> <\/span><\/h2>\n<p style=\"padding-left: 30px;\"><span style=\"font-family: helvetica,arial,sans-serif; font-size: 16px; color: #0000ff;\">P\u00e8re Emmanuel BIDZOGO<\/span><\/p>\n<h2><span style=\"font-family: helvetica,arial,sans-serif;\"><strong>Directeurs de r\u00e9daction :<\/strong> <\/span><\/h2>\n<p style=\"padding-left: 30px;\"><span style=\"font-family: helvetica,arial,sans-serif; font-size: 16px; color: #0000ff;\">P\u00e8re Emmanuel BIDZOGO<\/span><\/p>\n<p style=\"padding-left: 30px;\"><span style=\"font-family: helvetica,arial,sans-serif; font-size: 16px; color: #0000ff;\">Bertrand Wittmann<\/span><\/p>\n<h2><strong>Architecte du site :<\/strong><\/h2>\n<p style=\"padding-left: 30px;\"><span style=\"font-family: helvetica,arial,sans-serif; font-size: 16px; color: #0000ff;\">Tracy Massounga<\/span><\/p>\n<h2><span style=\"font-family: helvetica,arial,sans-serif;\"><strong>Webmaster :<\/strong> <\/span><\/h2>\n<p style=\"padding-left: 30px;\"><span style=\"font-family: helvetica,arial,sans-serif; font-size: 16px; color: #0000ff;\">Daniel Le Gallic<\/span><\/p>\n<h2><span style=\"font-family: helvetica,arial,sans-serif;\"><strong>H\u00e9bergeur :<\/strong> <\/span><\/h2>\n<p style=\"padding-left: 30px;\"><span style=\"font-family: helvetica,arial,sans-serif; color: #0000ff; font-size: 16px;\">O2SWITCH , 222-224 Boulevard Gustave Flaubert, 63000 Clermont-Ferrand, http:\/\/www.o2switch.fr\/ <\/span><\/p>\n<div class=\"page\">\n<div class=\"main\">\n<div class=\"wrapper hfeed \">\n<div id=\"content\" class=\"content hentry\">\n<div class=\"texte surlignable\">\n<p><span style=\"font-family: helvetica,arial,sans-serif;\">Le Site\u00a0 ne collecte sur les visiteurs aucune autre information nominative ou personnelle que celles qui lui sont ouvertement et volontairement fournies en particulier par l\u2019interm\u00e9diaire des adresses \u00e9lectroniques de ses correspondants.<\/span><\/p>\n<\/div>\n<p>Pour toutes correspondances, utilisez le formulaire de contact<\/p>\n<h2><span style=\"font-family: helvetica, arial, sans-serif;\"><strong>RGPD :<\/strong><\/span><\/h2>\n<div class=\"texte surlignable\">\n<p>Le Site\u00a0 ne collecte sur les visiteurs aucune autre information nominative ou personnelle que celles qui lui sont ouvertement et volontairement fournies en particulier par l\u2019interm\u00e9diaire des adresses \u00e9lectroniques de ses correspondants.<\/p>\n<p>Les informations recueillies sur ce site pour l&rsquo;abonnement aux newsletters sont enregistr\u00e9es dans un fichier informatis\u00e9 pour la diffusion aux abonn\u00e9s des newsletters et uniquement pour cette utilisation<strong>.<\/strong><\/p>\n<p>Elles sont conserv\u00e9es pendant la dur\u00e9e de l&rsquo;abonnement; l&rsquo;abonn\u00e9 peut \u00e0 r\u00e9ception de la newsletter se d\u00e9sabonner<strong> .<\/strong><\/p>\n<p>Les abonn\u00e9s peuvent exercer leur droit d&rsquo;acc\u00e8s aux donn\u00e9es les concernant et les faire rectifier en utilisant le formulaire de contact : <a href=\"http:\/\/www.savigny-viry-catholique.fr\/contactez-nous\/\">formulaire de contact \u00e0 destination du Webmaster<\/a><\/p>\n<\/div>\n<p>Pour toutes correspondances, utilisez <a href=\"http:\/\/www.savigny-viry-catholique.fr\/contactez-nous\/\">le formulaire de contact \u00e0 destination du Webmaster<\/a><\/p>\n<\/div>\n<\/div>\n<\/div>\n<p>&nbsp;<\/p>\n<p><strong><span style=\"font-family: verdana, geneva, sans-serif; font-size: 16px;\">Ce site n&rsquo;utilise aucun cookie.<\/span><\/strong><\/p>\n<\/div>\n","protected":false},"excerpt":{"rendered":"<p>Directeur de publication : P\u00e8re Emmanuel BIDZOGO Directeurs de r\u00e9daction : P\u00e8re Emmanuel BIDZOGO Bertrand Wittmann Architecte du site : Tracy Massounga Webmaster : Daniel Le Gallic H\u00e9bergeur : O2SWITCH , 222-224 Boulevard Gustave Flaubert, 63000 Clermont-Ferrand, http:\/\/www.o2switch.fr\/ Le&hellip;<\/p>\n","protected":false},"author":990002,"featured_media":0,"parent":0,"menu_order":0,"comment_status":"closed","ping_status":"closed","template":"","meta":{"give_campaign_id":0,"footnotes":""},"class_list":["post-470","page","type-page","status-publish","hentry"],"campaignId":"","_links":{"self":[{"href":"https:\/\/demos.uptitude.fr\/savviry1\/wp-json\/wp\/v2\/pages\/470","targetHints":{"allow":["GET"]}}],"collection":[{"href":"https:\/\/demos.uptitude.fr\/savviry1\/wp-json\/wp\/v2\/pages"}],"about":[{"href":"https:\/\/demos.uptitude.fr\/savviry1\/wp-json\/wp\/v2\/types\/page"}],"author":[{"embeddable":true,"href":"https:\/\/demos.uptitude.fr\/savviry1\/wp-json\/wp\/v2\/users\/990002"}],"replies":[{"embeddable":true,"href":"https:\/\/demos.uptitude.fr\/savviry1\/wp-json\/wp\/v2\/comments?post=470"}],"version-history":[{"count":0,"href":"https:\/\/demos.uptitude.fr\/savviry1\/wp-json\/wp\/v2\/pages\/470\/revisions"}],"wp:attachment":[{"href":"https:\/\/demos.uptitude.fr\/savviry1\/wp-json\/wp\/v2\/media?parent=470"}],"curies":[{"name":"wp","href":"https:\/\/api.w.org\/{rel}","templated":true}]}}