{"id":8228,"date":"2025-03-06T18:34:38","date_gmt":"2025-03-06T17:34:38","guid":{"rendered":"https:\/\/demos.uptitude.fr\/savviry1\/?page_id=8228"},"modified":"2025-09-28T23:19:24","modified_gmt":"2025-09-28T21:19:24","slug":"lordination-2","status":"publish","type":"page","link":"https:\/\/demos.uptitude.fr\/savviry1\/sacrements\/lordination-2\/","title":{"rendered":"L&rsquo;ordination"},"content":{"rendered":"\t\t<div data-elementor-type=\"wp-post\" data-elementor-id=\"8228\" class=\"elementor elementor-8228\" data-elementor-settings=\"{&quot;element_pack_global_tooltip_width&quot;:{&quot;unit&quot;:&quot;px&quot;,&quot;size&quot;:&quot;&quot;,&quot;sizes&quot;:[]},&quot;element_pack_global_tooltip_width_tablet&quot;:{&quot;unit&quot;:&quot;px&quot;,&quot;size&quot;:&quot;&quot;,&quot;sizes&quot;:[]},&quot;element_pack_global_tooltip_width_mobile&quot;:{&quot;unit&quot;:&quot;px&quot;,&quot;size&quot;:&quot;&quot;,&quot;sizes&quot;:[]},&quot;element_pack_global_tooltip_padding&quot;:{&quot;unit&quot;:&quot;px&quot;,&quot;top&quot;:&quot;&quot;,&quot;right&quot;:&quot;&quot;,&quot;bottom&quot;:&quot;&quot;,&quot;left&quot;:&quot;&quot;,&quot;isLinked&quot;:true},&quot;element_pack_global_tooltip_padding_tablet&quot;:{&quot;unit&quot;:&quot;px&quot;,&quot;top&quot;:&quot;&quot;,&quot;right&quot;:&quot;&quot;,&quot;bottom&quot;:&quot;&quot;,&quot;left&quot;:&quot;&quot;,&quot;isLinked&quot;:true},&quot;element_pack_global_tooltip_padding_mobile&quot;:{&quot;unit&quot;:&quot;px&quot;,&quot;top&quot;:&quot;&quot;,&quot;right&quot;:&quot;&quot;,&quot;bottom&quot;:&quot;&quot;,&quot;left&quot;:&quot;&quot;,&quot;isLinked&quot;:true},&quot;element_pack_global_tooltip_border_radius&quot;:{&quot;unit&quot;:&quot;px&quot;,&quot;top&quot;:&quot;&quot;,&quot;right&quot;:&quot;&quot;,&quot;bottom&quot;:&quot;&quot;,&quot;left&quot;:&quot;&quot;,&quot;isLinked&quot;:true},&quot;element_pack_global_tooltip_border_radius_tablet&quot;:{&quot;unit&quot;:&quot;px&quot;,&quot;top&quot;:&quot;&quot;,&quot;right&quot;:&quot;&quot;,&quot;bottom&quot;:&quot;&quot;,&quot;left&quot;:&quot;&quot;,&quot;isLinked&quot;:true},&quot;element_pack_global_tooltip_border_radius_mobile&quot;:{&quot;unit&quot;:&quot;px&quot;,&quot;top&quot;:&quot;&quot;,&quot;right&quot;:&quot;&quot;,&quot;bottom&quot;:&quot;&quot;,&quot;left&quot;:&quot;&quot;,&quot;isLinked&quot;:true}}\" data-elementor-post-type=\"page\">\n\t\t\t\t\t\t<section class=\"elementor-section elementor-top-section elementor-element elementor-element-017b886 elementor-section-stretched hide_bg_image_on_tablet hide_bg_image_on_mobile elementor-section-boxed elementor-section-height-default elementor-section-height-default\" data-id=\"017b886\" data-element_type=\"section\" data-settings=\"{&quot;stretch_section&quot;:&quot;section-stretched&quot;,&quot;background_background&quot;:&quot;classic&quot;}\">\n\t\t\t\t\t\t<div class=\"elementor-container elementor-column-gap-no\">\n\t\t\t\t\t<div class=\"elementor-column elementor-col-100 elementor-top-column elementor-element elementor-element-c749720 sc_layouts_column_icons_position_left\" data-id=\"c749720\" data-element_type=\"column\">\n\t\t\t<div class=\"elementor-widget-wrap elementor-element-populated\">\n\t\t\t\t\t\t<section class=\"elementor-section elementor-top-section elementor-element elementor-element-9beffd9 elementor-section-boxed elementor-section-height-default elementor-section-height-default\" data-id=\"9beffd9\" data-element_type=\"section\" data-settings=\"{&quot;background_background&quot;:&quot;classic&quot;}\">\n\t\t\t\t\t\t<div class=\"elementor-container elementor-column-gap-extended\">\n\t\t\t\t\t<div class=\"elementor-column elementor-col-16 elementor-top-column elementor-element elementor-element-de44f91 sc_layouts_column_icons_position_left\" data-id=\"de44f91\" data-element_type=\"column\">\n\t\t\t<div class=\"elementor-widget-wrap\">\n\t\t\t\t\t\t\t<\/div>\n\t\t<\/div>\n\t\t\t\t<div class=\"elementor-column elementor-col-66 elementor-top-column elementor-element elementor-element-95a8074 sc_layouts_column_icons_position_left\" data-id=\"95a8074\" data-element_type=\"column\">\n\t\t\t<div class=\"elementor-widget-wrap elementor-element-populated\">\n\t\t\t\t\t\t<div class=\"elementor-element elementor-element-c69bdb9 elementor-widget elementor-widget-spacer\" data-id=\"c69bdb9\" data-element_type=\"widget\" data-widget_type=\"spacer.default\">\n\t\t\t\t<div class=\"elementor-widget-container\">\n\t\t\t\t\t\t\t<div class=\"elementor-spacer\">\n\t\t\t<div class=\"elementor-spacer-inner\"><\/div>\n\t\t<\/div>\n\t\t\t\t\t\t<\/div>\n\t\t\t\t<\/div>\n\t\t\t\t<div class=\"elementor-element elementor-element-bb97db1 elementor-widget elementor-widget-trx_sc_title\" data-id=\"bb97db1\" data-element_type=\"widget\" data-widget_type=\"trx_sc_title.default\">\n\t\t\t\t<div class=\"elementor-widget-container\">\n\t\t\t\t\t<div id=\"trx_sc_title_1820689298\"\n\t\tclass=\"sc_title sc_title_accent\"><h2 class=\"sc_item_title sc_title_title sc_align_center sc_item_title_style_accent\"><span class=\"sc_item_title_text\">L'ordination<\/span><\/h2><\/div><!-- \/.sc_title -->\t\t\t\t<\/div>\n\t\t\t\t<\/div>\n\t\t\t\t<div class=\"elementor-element elementor-element-f8ad4a1 elementor-widget elementor-widget-spacer\" data-id=\"f8ad4a1\" data-element_type=\"widget\" data-widget_type=\"spacer.default\">\n\t\t\t\t<div class=\"elementor-widget-container\">\n\t\t\t\t\t\t\t<div class=\"elementor-spacer\">\n\t\t\t<div class=\"elementor-spacer-inner\"><\/div>\n\t\t<\/div>\n\t\t\t\t\t\t<\/div>\n\t\t\t\t<\/div>\n\t\t\t\t<div class=\"elementor-element elementor-element-b24b254 elementor-widget elementor-widget-spacer\" data-id=\"b24b254\" data-element_type=\"widget\" data-widget_type=\"spacer.default\">\n\t\t\t\t<div class=\"elementor-widget-container\">\n\t\t\t\t\t\t\t<div class=\"elementor-spacer\">\n\t\t\t<div class=\"elementor-spacer-inner\"><\/div>\n\t\t<\/div>\n\t\t\t\t\t\t<\/div>\n\t\t\t\t<\/div>\n\t\t\t\t<div class=\"elementor-element elementor-element-9c1eba5 elementor-widget elementor-widget-text-editor\" data-id=\"9c1eba5\" data-element_type=\"widget\" data-widget_type=\"text-editor.default\">\n\t\t\t\t<div class=\"elementor-widget-container\">\n\t\t\t\t\t\t\t\t\t<div class=\"post_content entry-content\"><p><span class=\"Texte_Standard\">Le mot \u00ab\u00a0ordre\u00a0\u00bb, d\u00e9signait dans l\u2019antiquit\u00e9 romaine les corps constitu\u00e9s, au sens civil. L\u2019\u00c9glise a repris ce terme \u00e0 propos de ses propres corps constitu\u00e9s et notamment de l\u2019ordre des \u00e9v\u00eaques, des pr\u00eatres et des diacres. L\u2019int\u00e9gration dans l\u2019un de ces corps de l\u2019Eglise se fait par une ordination comprenant l\u2019imposition des mains et la pri\u00e8re de cons\u00e9cration, qui fait d\u2019un fid\u00e8le baptis\u00e9 un ministre ordonn\u00e9.<\/span><\/p><p><span class=\"Texte_Standard\">L\u2019Ordre est le sacrement par lequel la mission confi\u00e9e par le Christ \u00e0 ses ap\u00f4tres est transmise dans l\u2019Eglise et ce, jusqu\u2019\u00e0 la fin des temps. C\u2019est ce que l\u2019on appelle le minist\u00e8re apostolique.<\/span><\/p><p>Ceux qui re\u00e7oivent le sacrement de l\u2019Ordre sont consacr\u00e9s pour \u00eatre, au nom du Christ, par la parole et la gr\u00e2ce de Dieu, les Pasteurs de l\u2019\u00c9glise.<\/p><p>On distingue trois groupes parmi les hommes ordonn\u00e9s :<\/p><ul class=\"imglist_ul_01\"><li class=\"imglist_li_01\"><strong>Les diacres<\/strong> sont rattach\u00e9s directement \u00e0 l\u2019\u00e9v\u00eaque du dioc\u00e8se.<br \/>Ils sont diacres en vue de la pr\u00eatrise ou diacres permanents,dans ce cas, ils peuvent \u00eatre mari\u00e9s et continuent \u00e0 exercer leur activit\u00e9 professionnelle.<\/li><li class=\"imglist_li_01\"><strong>Les pr\u00eatres<\/strong> forment le presbyt\u00e9rium et sont les collaborateurs de l\u2019\u00e9v\u00eaque<\/li><li class=\"imglist_li_01\"><span class=\"Texte_Standard\"><strong>Les \u00e9v\u00eaques<\/strong> forment le coll\u00e8ge \u00e9piscopal uni \u00e0 l\u2019\u00e9v\u00eaque de Rome.<\/span><\/li><\/ul><p>Les ministres ordonn\u00e9s exercent leur service au nom et en la personne du Christ aupr\u00e8s du Peuple de Dieu par l\u2019enseignement, la c\u00e9l\u00e9bration de l\u2019eucharistie, l\u2019administration des sacrements et la direction pastorale de la communaut\u00e9.<\/p><p>Le sacrement de l\u2019Ordre est un des moyens par lesquels le Christ ne cesse de construire et conduire son \u00c9glise.<\/p><p>Toute l\u2019\u00c9glise est un peuple de pr\u00eatres, un peuple sacerdotal. Par le bapt\u00eame tous les baptis\u00e9s participent au sacerdoce du Christ. Cette participation s\u2019appelle \u00ab sacerdoce commun des fid\u00e8les \u00bb et s\u2019exprime dans une vie de foi, d\u2019esp\u00e9rance et de charit\u00e9.<\/p><p>Les pr\u00eatres et diacres sont appel\u00e9s par l\u2019\u00e9v\u00eaque parmi ceux qui se proposent\u2026<\/p><p><strong>Vous vous posez la question de devenir pr\u00eatre\u00a0? <\/strong><\/p><p><strong>Vous vous posez la question de devenir diacre permanent\u00a0? <\/strong><\/p><div class=\"magnific_wrap\"><img fetchpriority=\"high\" decoding=\"async\" class=\"aligncenter wp-image-978\" src=\"http:\/\/www.savigny-viry-catholique.fr\/wp-content\/uploads\/2017\/03\/Ordination01-1024x695.jpg\" alt=\"Ordination01\" width=\"669\" height=\"454\" \/><\/div><p>N\u2019h\u00e9sitez pas \u00e0 en parler (en toute discr\u00e9tion et confidentialit\u00e9) \u00e0 un pr\u00eatre du secteur, ou \u00e0 une personne du service dioc\u00e9sain des vocations dont vous trouverez les coordonn\u00e9es sur\u00a0:<\/p><p><a href=\"http:\/\/www.mavocation.org\/contact-service-des-vocations\/32-evry.html\" target=\"_blank\" rel=\"noopener noreferrer\">http:\/\/www.mavocation.org\/contact-service-des-vocations\/32-evry.html<\/a><\/p><p>On peut lire aussi l\u2019appel du pape et les informations communiqu\u00e9es \u00e0 l\u2019occasion de la journ\u00e9e des vocations :<\/p><p><a href=\"http:\/\/evry.catholique.fr\/Vocations-318\" target=\"_blank\" rel=\"noopener noreferrer\">http:\/\/evry.catholique.fr\/Vocations-318<\/a><\/p><p>Pour un premier contact prendre rendez vous avec un pr\u00eatre, si besoin en contactant l\u2019accueil de votre commune\u00a0:<\/p><ul><li>Pour Savigny-sur-Orge, contacter l\u2019accueil \u00e0 la Maison Bonne Nouvelle<\/li><li>Pour Viry-Ch\u00e2tillon, contacter l\u2019accueil du secr\u00e9tariat Inter-Paroissial<\/li><\/ul><p>L\u2019accueil transmettra aux pr\u00eatres vos coordonn\u00e9s pour une prise de rendez-vous.<\/p><p>P.S.\u00a0: Les \u00e9v\u00eaques sont choisit par la Pape sur des propositions faites par le \u00ab\u00a0nonce apostolique\u00a0\u00bb (= l\u2019ambassadeur du Vatican en France).<\/p><p>En savoir plus sur L\u2019ordination : <a href=\"http:\/\/www.liturgiecatholique.fr\/-Ordination-.html\" target=\"_blank\" rel=\"noopener noreferrer\">http:\/\/www.liturgiecatholique.fr\/-Ordination-.html<\/a><\/p><\/div>\t\t\t\t\t\t\t\t<\/div>\n\t\t\t\t<\/div>\n\t\t\t\t<div class=\"elementor-element elementor-element-a3b3bb0 elementor-widget elementor-widget-spacer\" data-id=\"a3b3bb0\" data-element_type=\"widget\" data-widget_type=\"spacer.default\">\n\t\t\t\t<div class=\"elementor-widget-container\">\n\t\t\t\t\t\t\t<div class=\"elementor-spacer\">\n\t\t\t<div class=\"elementor-spacer-inner\"><\/div>\n\t\t<\/div>\n\t\t\t\t\t\t<\/div>\n\t\t\t\t<\/div>\n\t\t\t\t\t<\/div>\n\t\t<\/div>\n\t\t\t\t<div class=\"elementor-column elementor-col-16 elementor-top-column elementor-element elementor-element-7c28eee sc_layouts_column_icons_position_left\" data-id=\"7c28eee\" data-element_type=\"column\">\n\t\t\t<div class=\"elementor-widget-wrap\">\n\t\t\t\t\t\t\t<\/div>\n\t\t<\/div>\n\t\t\t\t\t<\/div>\n\t\t<\/section>\n\t\t\t\t\t<\/div>\n\t\t<\/div>\n\t\t\t\t\t<\/div>\n\t\t<\/section>\n\t\t\t\t<section class=\"elementor-section elementor-top-section elementor-element elementor-element-79a7c4e elementor-section-stretched elementor-section-boxed elementor-section-height-default elementor-section-height-default\" data-id=\"79a7c4e\" data-element_type=\"section\" data-settings=\"{&quot;stretch_section&quot;:&quot;section-stretched&quot;,&quot;background_background&quot;:&quot;classic&quot;}\">\n\t\t\t\t\t\t<div class=\"elementor-container elementor-column-gap-extended\">\n\t\t\t\t\t<div class=\"elementor-column elementor-col-100 elementor-top-column elementor-element elementor-element-b78c109 sc_layouts_column_icons_position_left\" data-id=\"b78c109\" data-element_type=\"column\">\n\t\t\t<div class=\"elementor-widget-wrap elementor-element-populated\">\n\t\t\t\t\t\t<div class=\"elementor-element elementor-element-803dcfb elementor-widget elementor-widget-spacer\" data-id=\"803dcfb\" data-element_type=\"widget\" data-widget_type=\"spacer.default\">\n\t\t\t\t<div class=\"elementor-widget-container\">\n\t\t\t\t\t\t\t<div class=\"elementor-spacer\">\n\t\t\t<div class=\"elementor-spacer-inner\"><\/div>\n\t\t<\/div>\n\t\t\t\t\t\t<\/div>\n\t\t\t\t<\/div>\n\t\t\t\t<section class=\"elementor-section elementor-inner-section elementor-element elementor-element-8975c95 elementor-section-boxed elementor-section-height-default elementor-section-height-default\" data-id=\"8975c95\" data-element_type=\"section\">\n\t\t\t\t\t\t<div class=\"elementor-container elementor-column-gap-extended\">\n\t\t\t\t\t<div class=\"elementor-column elementor-col-16 elementor-inner-column elementor-element elementor-element-e934ce5 sc_layouts_column_icons_position_left\" data-id=\"e934ce5\" data-element_type=\"column\">\n\t\t\t<div class=\"elementor-widget-wrap\">\n\t\t\t\t\t\t\t<\/div>\n\t\t<\/div>\n\t\t\t\t<div class=\"elementor-column elementor-col-66 elementor-inner-column elementor-element elementor-element-0fc4815 sc_layouts_column_icons_position_left\" data-id=\"0fc4815\" data-element_type=\"column\">\n\t\t\t<div class=\"elementor-widget-wrap elementor-element-populated\">\n\t\t\t\t\t\t<div class=\"elementor-element elementor-element-3ae7653 elementor-widget elementor-widget-trx_sc_title\" data-id=\"3ae7653\" data-element_type=\"widget\" data-widget_type=\"trx_sc_title.default\">\n\t\t\t\t<div class=\"elementor-widget-container\">\n\t\t\t\t\t<div id=\"trx_sc_title_736765149\"\n\t\tclass=\"sc_title sc_title_default\"><h2 class=\"sc_item_title sc_title_title sc_align_center sc_item_title_style_default trx_addons_inline_951132451\"><span class=\"sc_item_title_text\">Nazareth Church is committed to unity, liberty, and love in Jesus Christ<\/span><\/h2><\/div><!-- \/.sc_title -->\t\t\t\t<\/div>\n\t\t\t\t<\/div>\n\t\t\t\t\t<\/div>\n\t\t<\/div>\n\t\t\t\t<div class=\"elementor-column elementor-col-16 elementor-inner-column elementor-element elementor-element-08c8e06 sc_layouts_column_icons_position_left\" data-id=\"08c8e06\" data-element_type=\"column\">\n\t\t\t<div class=\"elementor-widget-wrap\">\n\t\t\t\t\t\t\t<\/div>\n\t\t<\/div>\n\t\t\t\t\t<\/div>\n\t\t<\/section>\n\t\t\t\t<div class=\"elementor-element elementor-element-cfc9256 elementor-widget elementor-widget-spacer\" data-id=\"cfc9256\" data-element_type=\"widget\" data-widget_type=\"spacer.default\">\n\t\t\t\t<div class=\"elementor-widget-container\">\n\t\t\t\t\t\t\t<div class=\"elementor-spacer\">\n\t\t\t<div class=\"elementor-spacer-inner\"><\/div>\n\t\t<\/div>\n\t\t\t\t\t\t<\/div>\n\t\t\t\t<\/div>\n\t\t\t\t\t<\/div>\n\t\t<\/div>\n\t\t\t\t\t<\/div>\n\t\t<\/section>\n\t\t\t\t<\/div>\n\t\t","protected":false},"excerpt":{"rendered":"<p>L&rsquo;ordination Le mot \u00ab\u00a0ordre\u00a0\u00bb, d\u00e9signait dans l\u2019antiquit\u00e9 romaine les corps constitu\u00e9s, au sens civil. L\u2019\u00c9glise a repris ce terme \u00e0 propos de ses propres corps constitu\u00e9s et notamment de l\u2019ordre des \u00e9v\u00eaques, des pr\u00eatres et des diacres. L\u2019int\u00e9gration dans&hellip;<\/p>\n","protected":false},"author":1,"featured_media":0,"parent":336,"menu_order":0,"comment_status":"closed","ping_status":"closed","template":"","meta":{"give_campaign_id":0,"footnotes":""},"class_list":["post-8228","page","type-page","status-publish","hentry"],"campaignId":"","_links":{"self":[{"href":"https:\/\/demos.uptitude.fr\/savviry1\/wp-json\/wp\/v2\/pages\/8228","targetHints":{"allow":["GET"]}}],"collection":[{"href":"https:\/\/demos.uptitude.fr\/savviry1\/wp-json\/wp\/v2\/pages"}],"about":[{"href":"https:\/\/demos.uptitude.fr\/savviry1\/wp-json\/wp\/v2\/types\/page"}],"author":[{"embeddable":true,"href":"https:\/\/demos.uptitude.fr\/savviry1\/wp-json\/wp\/v2\/users\/1"}],"replies":[{"embeddable":true,"href":"https:\/\/demos.uptitude.fr\/savviry1\/wp-json\/wp\/v2\/comments?post=8228"}],"version-history":[{"count":4,"href":"https:\/\/demos.uptitude.fr\/savviry1\/wp-json\/wp\/v2\/pages\/8228\/revisions"}],"predecessor-version":[{"id":8241,"href":"https:\/\/demos.uptitude.fr\/savviry1\/wp-json\/wp\/v2\/pages\/8228\/revisions\/8241"}],"up":[{"embeddable":true,"href":"https:\/\/demos.uptitude.fr\/savviry1\/wp-json\/wp\/v2\/pages\/336"}],"wp:attachment":[{"href":"https:\/\/demos.uptitude.fr\/savviry1\/wp-json\/wp\/v2\/media?parent=8228"}],"curies":[{"name":"wp","href":"https:\/\/api.w.org\/{rel}","templated":true}]}}